{"id":2065,"date":"2025-03-04T17:49:44","date_gmt":"2025-03-04T16:49:44","guid":{"rendered":"https:\/\/sandcollection.de\/impressum\/"},"modified":"2025-08-12T15:37:53","modified_gmt":"2025-08-12T13:37:53","slug":"imprint","status":"publish","type":"page","link":"https:\/\/sandcollection.de\/en\/imprint\/","title":{"rendered":"Imprint"},"content":{"rendered":"\n<div class=\"wp-block-columns is-layout-flex wp-container-core-columns-is-layout-9d6595d7 wp-block-columns-is-layout-flex\">\n<div class=\"wp-block-column is-layout-flow wp-block-column-is-layout-flow\">\n<p>SAND GmbH &amp; Co. KG<br>Strandallee 168<br>23669 Timmendorfer Strand<\/p>\n\n\n\n<p><strong>Handelsregister:<\/strong> HRA 8558 HL<br><strong>Registergericht:<\/strong> Amtsgericht L\u00fcbeck<\/p>\n\n\n\n<p><strong>Vertreten durch:<\/strong> SAND GmbH<\/p>\n\n\n\n<p><strong>Diese vertreten durch:<\/strong>&nbsp;<br>Lambertus Muller, Marion Muller, Tim Muller<\/p>\n\n\n\n<p><strong>Handelsregister:<\/strong> HRB 16257 HL<br><strong>Registergericht:<\/strong> Amtsgericht L\u00fcbeck<\/p>\n\n\n\n<h3 class=\"wp-block-heading\">Kontakt<\/h3>\n\n\n\n<p><strong>Telefon<\/strong>: 04503 8970<br><strong>Telefax<\/strong>: 04503 897199<br><strong>E-Mail<\/strong>: <a href=\"mailto:info@hotelsand.de\">info@sandnature.de<\/a><\/p>\n\n\n\n<h3 class=\"wp-block-heading\">Umsatzsteuer-ID<\/h3>\n\n\n\n<p>Umsatzsteuer-Identifikationsnummer gem\u00e4\u00df \u00a7 27 a&nbsp;<br><strong>Umsatzsteuergesetz<\/strong>: DE815670992<\/p>\n\n\n\n<h3 class=\"wp-block-heading\">Redaktionell verantwortlich<\/h3>\n\n\n\n<p>SAND GmbH &amp; Co. KG<br>Strandallee 168<br>23669 Timmendorfer Strand<\/p>\n\n\n\n<h3 class=\"wp-block-heading\">Verbraucherstreitbeilegung \/ Universalschlichtungsstelle<\/h3>\n\n\n\n<p>Wir sind nicht bereit oder verpflichtet, an&nbsp;<br>Streitbeilegungsverfahren vor einer&nbsp;<br>Verbraucherschlichtungsstelle teilzunehmen.<\/p>\n<\/div>\n\n\n\n<div class=\"wp-block-column is-layout-flow wp-block-column-is-layout-flow\">\n<h3 class=\"wp-block-heading\">Quellenangaben Bildmaterial:<\/h3>\n\n\n\n<p><\/p>\n\n\n\n<p><strong>Home &#8211; SAND nature &#8211;&nbsp;<br>\u201eM\u00f6we fliegt \u00fcber Strandhafer am Sandstrand der Ostsee.\u201c<\/strong><br>\u00a9 Bild von wirestock auf Freepik, www.freepik.com<\/p>\n\n\n\n<p><strong>Home &#8211; SAND glow &#8211;&nbsp;<br>\u201eSchimmernd roter Sonnenuntergang \u00fcber der Nordsee bei&nbsp;kleinem Wellenschlag.\u201c<\/strong><br>\u00a9 Bild von Freepik, www.freepik.com<\/p>\n\n\n\n<p><strong>Home &#8211; Ankommen und Durchatmen &#8211;&nbsp;<br>\u201eSchreibschrift Text auf Papierausschnitt\u201c<\/strong><br>\u00a9 Bild von Freepik, www.freepik.com<\/p>\n\n\n\n<p><strong>About us &#8211; Projects \/ Engagement &#8211;&nbsp;<br>\u201eAus der ruhigen See springender Schweinswal\u201c<\/strong><br>\u00a9 Charlie Phillips \/ Whale and Dolphin Conservation<\/p>\n\n\n\n<p><strong>Hotels &#8211; SAND nature &#8211;<br>\u201eEin sich an den H\u00e4nden fassendes P\u00e4rchen bei einem&nbsp;Naturstrand-Spaziergang.\u201c<\/strong><br>\u00a9 Olaf Malzahn \/ TSTN GmbH<\/p>\n\n\n\n<p><strong>Hotels &#8211; SAND nature &#8211;&nbsp;<br>\u201eSchreibschrift Text auf Papierausschnitt\u201c<\/strong><br>\u00a9 Bild von Freepik, www.freepik.com<\/p>\n\n\n\n<p><strong>Hotels &#8211; SAND glow &#8211;&nbsp;<br>\u201eSchreibschrift Text auf Papierausschnitt\u201c<\/strong><br>\u00a9 Bild von Freepik, www.freepik.com<\/p>\n<\/div>\n<\/div>\n\n\n\n<h2 class=\"wp-block-heading\">Erkl\u00e4rung zur Barrierefreiheit<\/h2>\n\n\n\n<p>Die SAND GmbH &amp; Co. KG ist bem\u00fcht, ihre Website im Einklang mit \u00a7 11 Absatz 1 Landesbehindertengleichstellungsgesetz (LBGG) sowie den Anforderungen der Barrierefreiheit gem\u00e4\u00df \u00a7 13 Absatz 3 LBGG barrierefrei zug\u00e4nglich zu machen.<\/p>\n\n\n\n<p>Diese Erkl\u00e4rung zur Barrierefreiheit gilt f\u00fcr www.sandcollection.de.<\/p>\n\n\n\n<h3 class=\"wp-block-heading\">Nicht barrierefreie Bereiche<\/h3>\n\n\n\n<p>Die nachstehend aufgef\u00fchrten Inhalte sind nicht barrierefrei:<\/p>\n\n\n\n<h3 class=\"wp-block-heading\">Erstellung dieser Erkl\u00e4rung zur Barrierefreiheit<\/h3>\n\n\n\n<p>Diese Erkl\u00e4rung wurde am 12.08.2025 erstellt. Die Aussagen bez\u00fcglich der Vereinbarkeit mit den Barrierefreiheitsanforderungen in dieser Erkl\u00e4rung beruhen auf einer Selbstbewertung. Die Erkl\u00e4rung wurde zuletzt am 12.08.2025 \u00fcberpr\u00fcft.<\/p>\n\n\n\n<h3 class=\"wp-block-heading\">Feedback und Kontaktangaben<\/h3>\n\n\n\n<p>Sie m\u00f6chten uns bestehende Barrieren mitteilen oder Informationen zur Umsetzung der Barrierefreiheit erfragen? F\u00fcr Ihr Feedback sowie alle weiteren Informationen sprechen Sie unsere verantwortlichen Kontaktpersonen unter <a href=\"mailto:buchhaltung@sandnature.de\">buchhaltung@sandnature.de<\/a> an oder unter 04503 8970.<\/p>\n\n\n\n<h3 class=\"wp-block-heading\">Beschwerdeverfahren<\/h3>\n\n\n\n<p>Die Beschwerdestelle hat die Aufgabe, Konflikte zum Thema digitale Barrierefreiheit zwischen Menschen mit Behinderungen und \u00f6ffentlichen Stellen in Schleswig-Holstein zu l\u00f6sen. Dabei geht es nicht darum, Gewinner oder Verlierer zu finden. Vielmehr ist es das Ziel, mit Hilfe der Beschwerdestelle gemeinsam und au\u00dfergerichtlich eine L\u00f6sung f\u00fcr ein Problem zu finden. Das Beschwerdeverfahren ist kostenlos. Es muss kein Rechtsbeistand eingeschaltet werden.<\/p>\n\n\n\n<p>Auf der <a href=\"https:\/\/www.inklusion.sh\/unsere-aufgaben\/beschwerdestelle\">Internetseite der Beschwerdestelle<\/a> finden Sie alle Informationen zum Beschwerdeverfahren. Dort k\u00f6nnen Sie nachlesen, wie ein Beschwerdeverfahren abl\u00e4uft.<\/p>\n\n\n\n<p>Sie erreichen die Beschwerdestelle unter folgender Adresse:<\/p>\n\n\n\n<p>Beschwerdestelle nach dem Behindertengleichstellungsgesetz bei der oder dem Landesbeauftragten f\u00fcr Menschen mit Behinderungen.<\/p>\n\n\n\n<p>B\u00fcroanschrift: Karolinenweg 1, 24105 Kiel<\/p>\n\n\n\n<p>Postanschrift: Postfach 7121, 24171 Kiel<\/p>\n\n\n\n<p>Telefon: +49 431 988 1612 E-Mail: <a href=\"mailto:bbit@landtag.ltsh.de\">bbit@landtag.ltsh.de<\/a><\/p>\n","protected":false},"excerpt":{"rendered":"SAND GmbH &amp; Co. KGStrandallee 16823669 Timmendorfer Strand Handelsregister: HRA 8558 HLRegistergericht: Amtsgericht L\u00fcbeck Vertreten durch: SAND GmbH Diese vertreten durch:&nbsp;Lambertus Muller, Marion Muller, Tim Muller Handelsregister: HRB 16257 HLRegistergericht: Amtsgericht L\u00fcbeck Kontakt Telefon: 04503 8970Telefax: 04503 897199E-Mail: info@sandnature.de Umsatzsteuer-ID Umsatzsteuer-Identifikationsnummer gem\u00e4\u00df \u00a7 27 a&nbsp;Umsatzsteuergesetz: DE815670992 Redaktionell verantwortlich SAND GmbH &amp; Co. KGStrandallee 16823669 Timmendorfer&#8230; <a class=\"view-article\" href=\"https:\/\/sandcollection.de\/en\/imprint\/\">View Article<\/a>","protected":false},"author":1,"featured_media":0,"parent":0,"menu_order":0,"comment_status":"closed","ping_status":"closed","template":"","meta":{"_acf_changed":false,"footnotes":""},"class_list":["post-2065","page","type-page","status-publish","hentry"],"acf":[],"yoast_head":"<!-- This site is optimized with the Yoast SEO plugin v27.3 - https:\/\/yoast.com\/product\/yoast-seo-wordpress\/ -->\n<title>SANDcollection ~ Imprint<\/title>\n<meta name=\"description\" content=\"SAND GmbH &amp; Co. KG \u2013 Strandallee 168 23669 Timmendorfer Strand Deutschland \u2013 Tel.: 04503 8970 \u2013 info@hotelsand.de\" \/>\n<meta name=\"robots\" content=\"index, follow, max-snippet:-1, max-image-preview:large, max-video-preview:-1\" \/>\n<link rel=\"canonical\" href=\"https:\/\/sandcollection.de\/en\/imprint\/\" \/>\n<meta property=\"og:locale\" content=\"en_US\" \/>\n<meta property=\"og:type\" content=\"article\" \/>\n<meta property=\"og:title\" content=\"SANDcollection ~ Imprint\" \/>\n<meta property=\"og:description\" content=\"SAND GmbH &amp; Co. KG \u2013 Strandallee 168 23669 Timmendorfer Strand Deutschland \u2013 Tel.: 04503 8970 \u2013 info@hotelsand.de\" \/>\n<meta property=\"og:url\" content=\"https:\/\/sandcollection.de\/en\/imprint\/\" \/>\n<meta property=\"og:site_name\" content=\"SANDcollection Hotels\" \/>\n<meta property=\"article:modified_time\" content=\"2025-08-12T13:37:53+00:00\" \/>\n<meta property=\"og:image\" content=\"https:\/\/sandcollection.de\/wp-content\/uploads\/2025\/05\/social-media-sand-collection.png\" \/>\n\t<meta property=\"og:image:width\" content=\"1200\" \/>\n\t<meta property=\"og:image:height\" content=\"675\" \/>\n\t<meta property=\"og:image:type\" content=\"image\/png\" \/>\n<meta name=\"twitter:card\" content=\"summary_large_image\" \/>\n<meta name=\"twitter:label1\" content=\"Est. reading time\" \/>\n\t<meta name=\"twitter:data1\" content=\"3 minutes\" \/>\n<script type=\"application\/ld+json\" class=\"yoast-schema-graph\">{\"@context\":\"https:\\\/\\\/schema.org\",\"@graph\":[{\"@type\":\"WebPage\",\"@id\":\"https:\\\/\\\/sandcollection.de\\\/en\\\/imprint\\\/\",\"url\":\"https:\\\/\\\/sandcollection.de\\\/en\\\/imprint\\\/\",\"name\":\"SANDcollection ~ Imprint\",\"isPartOf\":{\"@id\":\"https:\\\/\\\/sandcollection.de\\\/en\\\/#website\"},\"datePublished\":\"2025-03-04T16:49:44+00:00\",\"dateModified\":\"2025-08-12T13:37:53+00:00\",\"description\":\"SAND GmbH & Co. KG \u2013 Strandallee 168 23669 Timmendorfer Strand Deutschland \u2013 Tel.: 04503 8970 \u2013 info@hotelsand.de\",\"breadcrumb\":{\"@id\":\"https:\\\/\\\/sandcollection.de\\\/en\\\/imprint\\\/#breadcrumb\"},\"inLanguage\":\"en-US\",\"potentialAction\":[{\"@type\":\"ReadAction\",\"target\":[\"https:\\\/\\\/sandcollection.de\\\/en\\\/imprint\\\/\"]}]},{\"@type\":\"BreadcrumbList\",\"@id\":\"https:\\\/\\\/sandcollection.de\\\/en\\\/imprint\\\/#breadcrumb\",\"itemListElement\":[{\"@type\":\"ListItem\",\"position\":1,\"name\":\"Startseite\",\"item\":\"https:\\\/\\\/sandcollection.de\\\/en\\\/\"},{\"@type\":\"ListItem\",\"position\":2,\"name\":\"Imprint\"}]},{\"@type\":\"WebSite\",\"@id\":\"https:\\\/\\\/sandcollection.de\\\/en\\\/#website\",\"url\":\"https:\\\/\\\/sandcollection.de\\\/en\\\/\",\"name\":\"SANDcollection Hotels\",\"description\":\"\",\"publisher\":{\"@id\":\"https:\\\/\\\/sandcollection.de\\\/en\\\/#organization\"},\"potentialAction\":[{\"@type\":\"SearchAction\",\"target\":{\"@type\":\"EntryPoint\",\"urlTemplate\":\"https:\\\/\\\/sandcollection.de\\\/en\\\/?s={search_term_string}\"},\"query-input\":{\"@type\":\"PropertyValueSpecification\",\"valueRequired\":true,\"valueName\":\"search_term_string\"}}],\"inLanguage\":\"en-US\"},{\"@type\":\"Organization\",\"@id\":\"https:\\\/\\\/sandcollection.de\\\/en\\\/#organization\",\"name\":\"SANDcollection\",\"url\":\"https:\\\/\\\/sandcollection.de\\\/en\\\/\",\"logo\":{\"@type\":\"ImageObject\",\"inLanguage\":\"en-US\",\"@id\":\"https:\\\/\\\/sandcollection.de\\\/en\\\/#\\\/schema\\\/logo\\\/image\\\/\",\"url\":\"https:\\\/\\\/sandcollection.de\\\/wp-content\\\/uploads\\\/2025\\\/02\\\/03_SAND_collection_Logos_Icons_00_Header_Footer_01_Header_Logo_collection_sand.svg\",\"contentUrl\":\"https:\\\/\\\/sandcollection.de\\\/wp-content\\\/uploads\\\/2025\\\/02\\\/03_SAND_collection_Logos_Icons_00_Header_Footer_01_Header_Logo_collection_sand.svg\",\"width\":1,\"height\":1,\"caption\":\"SANDcollection\"},\"image\":{\"@id\":\"https:\\\/\\\/sandcollection.de\\\/en\\\/#\\\/schema\\\/logo\\\/image\\\/\"}}]}<\/script>\n<!-- \/ Yoast SEO plugin. -->","yoast_head_json":{"title":"SANDcollection ~ Imprint","description":"SAND GmbH & Co. KG \u2013 Strandallee 168 23669 Timmendorfer Strand Deutschland \u2013 Tel.: 04503 8970 \u2013 info@hotelsand.de","robots":{"index":"index","follow":"follow","max-snippet":"max-snippet:-1","max-image-preview":"max-image-preview:large","max-video-preview":"max-video-preview:-1"},"canonical":"https:\/\/sandcollection.de\/en\/imprint\/","og_locale":"en_US","og_type":"article","og_title":"SANDcollection ~ Imprint","og_description":"SAND GmbH & Co. KG \u2013 Strandallee 168 23669 Timmendorfer Strand Deutschland \u2013 Tel.: 04503 8970 \u2013 info@hotelsand.de","og_url":"https:\/\/sandcollection.de\/en\/imprint\/","og_site_name":"SANDcollection Hotels","article_modified_time":"2025-08-12T13:37:53+00:00","og_image":[{"width":1200,"height":675,"url":"https:\/\/sandcollection.de\/wp-content\/uploads\/2025\/05\/social-media-sand-collection.png","type":"image\/png"}],"twitter_card":"summary_large_image","twitter_misc":{"Est. reading time":"3 minutes"},"schema":{"@context":"https:\/\/schema.org","@graph":[{"@type":"WebPage","@id":"https:\/\/sandcollection.de\/en\/imprint\/","url":"https:\/\/sandcollection.de\/en\/imprint\/","name":"SANDcollection ~ Imprint","isPartOf":{"@id":"https:\/\/sandcollection.de\/en\/#website"},"datePublished":"2025-03-04T16:49:44+00:00","dateModified":"2025-08-12T13:37:53+00:00","description":"SAND GmbH & Co. KG \u2013 Strandallee 168 23669 Timmendorfer Strand Deutschland \u2013 Tel.: 04503 8970 \u2013 info@hotelsand.de","breadcrumb":{"@id":"https:\/\/sandcollection.de\/en\/imprint\/#breadcrumb"},"inLanguage":"en-US","potentialAction":[{"@type":"ReadAction","target":["https:\/\/sandcollection.de\/en\/imprint\/"]}]},{"@type":"BreadcrumbList","@id":"https:\/\/sandcollection.de\/en\/imprint\/#breadcrumb","itemListElement":[{"@type":"ListItem","position":1,"name":"Startseite","item":"https:\/\/sandcollection.de\/en\/"},{"@type":"ListItem","position":2,"name":"Imprint"}]},{"@type":"WebSite","@id":"https:\/\/sandcollection.de\/en\/#website","url":"https:\/\/sandcollection.de\/en\/","name":"SANDcollection Hotels","description":"","publisher":{"@id":"https:\/\/sandcollection.de\/en\/#organization"},"potentialAction":[{"@type":"SearchAction","target":{"@type":"EntryPoint","urlTemplate":"https:\/\/sandcollection.de\/en\/?s={search_term_string}"},"query-input":{"@type":"PropertyValueSpecification","valueRequired":true,"valueName":"search_term_string"}}],"inLanguage":"en-US"},{"@type":"Organization","@id":"https:\/\/sandcollection.de\/en\/#organization","name":"SANDcollection","url":"https:\/\/sandcollection.de\/en\/","logo":{"@type":"ImageObject","inLanguage":"en-US","@id":"https:\/\/sandcollection.de\/en\/#\/schema\/logo\/image\/","url":"https:\/\/sandcollection.de\/wp-content\/uploads\/2025\/02\/03_SAND_collection_Logos_Icons_00_Header_Footer_01_Header_Logo_collection_sand.svg","contentUrl":"https:\/\/sandcollection.de\/wp-content\/uploads\/2025\/02\/03_SAND_collection_Logos_Icons_00_Header_Footer_01_Header_Logo_collection_sand.svg","width":1,"height":1,"caption":"SANDcollection"},"image":{"@id":"https:\/\/sandcollection.de\/en\/#\/schema\/logo\/image\/"}}]}},"_links":{"self":[{"href":"https:\/\/sandcollection.de\/en\/wp-json\/wp\/v2\/pages\/2065","targetHints":{"allow":["GET"]}}],"collection":[{"href":"https:\/\/sandcollection.de\/en\/wp-json\/wp\/v2\/pages"}],"about":[{"href":"https:\/\/sandcollection.de\/en\/wp-json\/wp\/v2\/types\/page"}],"author":[{"embeddable":true,"href":"https:\/\/sandcollection.de\/en\/wp-json\/wp\/v2\/users\/1"}],"replies":[{"embeddable":true,"href":"https:\/\/sandcollection.de\/en\/wp-json\/wp\/v2\/comments?post=2065"}],"version-history":[{"count":10,"href":"https:\/\/sandcollection.de\/en\/wp-json\/wp\/v2\/pages\/2065\/revisions"}],"predecessor-version":[{"id":2682,"href":"https:\/\/sandcollection.de\/en\/wp-json\/wp\/v2\/pages\/2065\/revisions\/2682"}],"wp:attachment":[{"href":"https:\/\/sandcollection.de\/en\/wp-json\/wp\/v2\/media?parent=2065"}],"curies":[{"name":"wp","href":"https:\/\/api.w.org\/{rel}","templated":true}]}}